{"id":1255,"date":"2020-08-21T05:53:02","date_gmt":"2020-08-21T05:53:02","guid":{"rendered":"http:\/\/ninzio.com\/byron\/?page_id=1255"},"modified":"2021-04-04T20:43:22","modified_gmt":"2021-04-04T23:43:22","slug":"quem-somos","status":"publish","type":"page","link":"https:\/\/telhadosmartins.com.br\/index.php\/quem-somos\/","title":{"rendered":"Quem Somos"},"content":{"rendered":"\t\t<div data-elementor-type=\"wp-page\" data-elementor-id=\"1255\" class=\"elementor elementor-1255\">\n\t\t\t\t\t\t\t\t\t<section class=\"elementor-section elementor-top-section elementor-element elementor-element-d918284 elementor-section-boxed elementor-section-height-default elementor-section-height-default\" data-id=\"d918284\" data-element_type=\"section\">\n\t\t\t\t\t\t<div class=\"elementor-container elementor-column-gap-default\">\n\t\t\t\t\t<div class=\"elementor-column elementor-col-100 elementor-top-column elementor-element elementor-element-a335a5a\" data-id=\"a335a5a\" data-element_type=\"column\">\n\t\t\t<div class=\"elementor-widget-wrap elementor-element-populated\">\n\t\t\t\t\t\t\t\t<div class=\"elementor-element elementor-element-f43243a elementor-widget elementor-widget-heading\" data-id=\"f43243a\" data-element_type=\"widget\" data-widget_type=\"heading.default\">\n\t\t\t\t<div class=\"elementor-widget-container\">\n\t\t\t<p class=\"elementor-heading-title elementor-size-default\"><p>Em janeiro de 2008 demos in\u00edcio a nosso trajeto, com o objetivo de buscar solu\u00e7\u00f5es que permitam garantir a excel\u00eancia na qualidade na execu\u00e7\u00e3o de projetos e constru\u00e7\u00e3o de Telhados e Coberturas.&nbsp;<\/p>\n<p>Nossos colaboradores trabalham seguindo os conceitos da ABNT (Associa\u00e7\u00e3o Brasileira de Normas T\u00e9cnicas) para atender nossos clientes com total excel\u00eancia.&nbsp;<\/p>\n<p>Atuando na \u00e1rea de constru\u00e7\u00e3o e reforma de coberturas para \u00e1reas de lazer, port\u00f5es, garagens, sobre lajes, varandas, terra\u00e7os, lajes, sacadas, piscinas, janelas, portas, ed\u00edculas, churrasqueiras e fornos...<\/p>\n<p>Nossa pol\u00edtica de qualidade est\u00e1 inteiramente voltada a execu\u00e7\u00e3o de trabalhos de excel\u00eancia, afim de satisfazer a necessidade dos clientes e melhorar continuamente a cada dia.<\/p>\n<p>Nossos servi\u00e7os s\u00e3o executados com os melhores materiais existentes no mercado, por isso temos orgulho de ser uma empresa com 13 anos de experi\u00eancia!!!<\/p>\n<p>N\u00f3s da Telhados Martins, temos colaboradores altamente qualificados para todos os tipos de telhados e coberturas, al\u00e9m de solu\u00e7\u00f5es inteligentes para todas as \u00e1reas.<\/p>\n<p>N\u00e3o perca mais tempo e dinheiro, contate a Telhados Martins para sua obra \ud83d\ude09<\/p><\/p>\t\t<\/div>\n\t\t\t\t<\/div>\n\t\t\t\t\t<\/div>\n\t\t<\/div>\n\t\t\t\t\t\t\t<\/div>\n\t\t<\/section>\n\t\t\t\t<section class=\"elementor-section elementor-top-section elementor-element elementor-element-8ba2113 elementor-section-stretched elementor-section-full_width elementor-section-height-default elementor-section-height-default\" data-id=\"8ba2113\" data-element_type=\"section\" data-settings=\"{&quot;stretch_section&quot;:&quot;section-stretched&quot;,&quot;background_background&quot;:&quot;classic&quot;}\">\n\t\t\t\t\t\t<div class=\"elementor-container elementor-column-gap-default\">\n\t\t\t\t\t<div class=\"elementor-column elementor-col-100 elementor-top-column elementor-element elementor-element-b57456b\" data-id=\"b57456b\" data-element_type=\"column\">\n\t\t\t<div class=\"elementor-widget-wrap elementor-element-populated\">\n\t\t\t\t\t\t\t\t<div class=\"elementor-element elementor-element-4bf528f elementor-widget elementor-widget-spacer\" data-id=\"4bf528f\" data-element_type=\"widget\" data-widget_type=\"spacer.default\">\n\t\t\t\t<div class=\"elementor-widget-container\">\n\t\t\t\t\t<div class=\"elementor-spacer\">\n\t\t\t<div class=\"elementor-spacer-inner\"><\/div>\n\t\t<\/div>\n\t\t\t\t<\/div>\n\t\t\t\t<\/div>\n\t\t\t\t<div class=\"elementor-element elementor-element-237868a elementor-widget elementor-widget-spacer\" data-id=\"237868a\" data-element_type=\"widget\" data-widget_type=\"spacer.default\">\n\t\t\t\t<div class=\"elementor-widget-container\">\n\t\t\t\t\t<div class=\"elementor-spacer\">\n\t\t\t<div class=\"elementor-spacer-inner\"><\/div>\n\t\t<\/div>\n\t\t\t\t<\/div>\n\t\t\t\t<\/div>\n\t\t\t\t<div class=\"elementor-element elementor-element-fcedb45 elementor-widget elementor-widget-spacer\" data-id=\"fcedb45\" data-element_type=\"widget\" data-widget_type=\"spacer.default\">\n\t\t\t\t<div class=\"elementor-widget-container\">\n\t\t\t\t\t<div class=\"elementor-spacer\">\n\t\t\t<div class=\"elementor-spacer-inner\"><\/div>\n\t\t<\/div>\n\t\t\t\t<\/div>\n\t\t\t\t<\/div>\n\t\t\t\t\t<\/div>\n\t\t<\/div>\n\t\t\t\t\t\t\t<\/div>\n\t\t<\/section>\n\t\t\t\t\t\t\t<\/div>\n\t\t","protected":false},"excerpt":{"rendered":"<p>Em janeiro de 2008 demos in\u00edcio a nosso trajeto, com o objetivo de buscar solu\u00e7\u00f5es que permitam garantir a excel\u00eancia na qualidade na execu\u00e7\u00e3o de projetos e constru\u00e7\u00e3o de Telhados e Coberturas.&nbsp; Nossos colaboradores trabalham seguindo os conceitos da ABNT (Associa\u00e7\u00e3o Brasileira de Normas T\u00e9cnicas) para atender<\/p>\n","protected":false},"author":1,"featured_media":0,"parent":0,"menu_order":0,"comment_status":"closed","ping_status":"closed","template":"","meta":{"footnotes":""},"class_list":["post-1255","page","type-page","status-publish","hentry"],"yoast_head":"<!-- This site is optimized with the Yoast SEO plugin v20.8 - https:\/\/yoast.com\/wordpress\/plugins\/seo\/ -->\n<title>Quem Somos - TelhadosMartins<\/title>\n<meta name=\"robots\" content=\"index, follow, max-snippet:-1, max-image-preview:large, max-video-preview:-1\" \/>\n<link rel=\"canonical\" href=\"https:\/\/telhadosmartins.com.br\/index.php\/quem-somos\/\" \/>\n<meta property=\"og:locale\" content=\"pt_BR\" \/>\n<meta property=\"og:type\" content=\"article\" \/>\n<meta property=\"og:title\" content=\"Quem Somos - TelhadosMartins\" \/>\n<meta property=\"og:description\" content=\"Em janeiro de 2008 demos in\u00edcio a nosso trajeto, com o objetivo de buscar solu\u00e7\u00f5es que permitam garantir a excel\u00eancia na qualidade na execu\u00e7\u00e3o de projetos e constru\u00e7\u00e3o de Telhados e Coberturas.&nbsp; Nossos colaboradores trabalham seguindo os conceitos da ABNT (Associa\u00e7\u00e3o Brasileira de Normas T\u00e9cnicas) para atender\" \/>\n<meta property=\"og:url\" content=\"https:\/\/telhadosmartins.com.br\/index.php\/quem-somos\/\" \/>\n<meta property=\"og:site_name\" content=\"TelhadosMartins\" \/>\n<meta property=\"article:publisher\" content=\"https:\/\/www.facebook.com\/Telhados-Martins-103213297231998\/\" \/>\n<meta property=\"article:modified_time\" content=\"2021-04-04T23:43:22+00:00\" \/>\n<meta name=\"twitter:card\" content=\"summary_large_image\" \/>\n<meta name=\"twitter:label1\" content=\"Est. tempo de leitura\" \/>\n\t<meta name=\"twitter:data1\" content=\"1 minuto\" \/>\n<script type=\"application\/ld+json\" class=\"yoast-schema-graph\">{\"@context\":\"https:\/\/schema.org\",\"@graph\":[{\"@type\":\"WebPage\",\"@id\":\"https:\/\/telhadosmartins.com.br\/index.php\/quem-somos\/\",\"url\":\"https:\/\/telhadosmartins.com.br\/index.php\/quem-somos\/\",\"name\":\"Quem Somos - TelhadosMartins\",\"isPartOf\":{\"@id\":\"https:\/\/telhadosmartins.com.br\/#website\"},\"datePublished\":\"2020-08-21T05:53:02+00:00\",\"dateModified\":\"2021-04-04T23:43:22+00:00\",\"breadcrumb\":{\"@id\":\"https:\/\/telhadosmartins.com.br\/index.php\/quem-somos\/#breadcrumb\"},\"inLanguage\":\"pt-BR\",\"potentialAction\":[{\"@type\":\"ReadAction\",\"target\":[\"https:\/\/telhadosmartins.com.br\/index.php\/quem-somos\/\"]}]},{\"@type\":\"BreadcrumbList\",\"@id\":\"https:\/\/telhadosmartins.com.br\/index.php\/quem-somos\/#breadcrumb\",\"itemListElement\":[{\"@type\":\"ListItem\",\"position\":1,\"name\":\"In\u00edcio\",\"item\":\"https:\/\/telhadosmartins.com.br\/\"},{\"@type\":\"ListItem\",\"position\":2,\"name\":\"Quem Somos\"}]},{\"@type\":\"WebSite\",\"@id\":\"https:\/\/telhadosmartins.com.br\/#website\",\"url\":\"https:\/\/telhadosmartins.com.br\/\",\"name\":\"Telhados Martins\",\"description\":\"Constru\u00e7\u00e3o e Reforma de coberturas e telhados\",\"potentialAction\":[{\"@type\":\"SearchAction\",\"target\":{\"@type\":\"EntryPoint\",\"urlTemplate\":\"https:\/\/telhadosmartins.com.br\/?s={search_term_string}\"},\"query-input\":\"required name=search_term_string\"}],\"inLanguage\":\"pt-BR\"}]}<\/script>\n<!-- \/ Yoast SEO plugin. -->","yoast_head_json":{"title":"Quem Somos - TelhadosMartins","robots":{"index":"index","follow":"follow","max-snippet":"max-snippet:-1","max-image-preview":"max-image-preview:large","max-video-preview":"max-video-preview:-1"},"canonical":"https:\/\/telhadosmartins.com.br\/index.php\/quem-somos\/","og_locale":"pt_BR","og_type":"article","og_title":"Quem Somos - TelhadosMartins","og_description":"Em janeiro de 2008 demos in\u00edcio a nosso trajeto, com o objetivo de buscar solu\u00e7\u00f5es que permitam garantir a excel\u00eancia na qualidade na execu\u00e7\u00e3o de projetos e constru\u00e7\u00e3o de Telhados e Coberturas.&nbsp; Nossos colaboradores trabalham seguindo os conceitos da ABNT (Associa\u00e7\u00e3o Brasileira de Normas T\u00e9cnicas) para atender","og_url":"https:\/\/telhadosmartins.com.br\/index.php\/quem-somos\/","og_site_name":"TelhadosMartins","article_publisher":"https:\/\/www.facebook.com\/Telhados-Martins-103213297231998\/","article_modified_time":"2021-04-04T23:43:22+00:00","twitter_card":"summary_large_image","twitter_misc":{"Est. tempo de leitura":"1 minuto"},"schema":{"@context":"https:\/\/schema.org","@graph":[{"@type":"WebPage","@id":"https:\/\/telhadosmartins.com.br\/index.php\/quem-somos\/","url":"https:\/\/telhadosmartins.com.br\/index.php\/quem-somos\/","name":"Quem Somos - TelhadosMartins","isPartOf":{"@id":"https:\/\/telhadosmartins.com.br\/#website"},"datePublished":"2020-08-21T05:53:02+00:00","dateModified":"2021-04-04T23:43:22+00:00","breadcrumb":{"@id":"https:\/\/telhadosmartins.com.br\/index.php\/quem-somos\/#breadcrumb"},"inLanguage":"pt-BR","potentialAction":[{"@type":"ReadAction","target":["https:\/\/telhadosmartins.com.br\/index.php\/quem-somos\/"]}]},{"@type":"BreadcrumbList","@id":"https:\/\/telhadosmartins.com.br\/index.php\/quem-somos\/#breadcrumb","itemListElement":[{"@type":"ListItem","position":1,"name":"In\u00edcio","item":"https:\/\/telhadosmartins.com.br\/"},{"@type":"ListItem","position":2,"name":"Quem Somos"}]},{"@type":"WebSite","@id":"https:\/\/telhadosmartins.com.br\/#website","url":"https:\/\/telhadosmartins.com.br\/","name":"Telhados Martins","description":"Constru\u00e7\u00e3o e Reforma de coberturas e telhados","potentialAction":[{"@type":"SearchAction","target":{"@type":"EntryPoint","urlTemplate":"https:\/\/telhadosmartins.com.br\/?s={search_term_string}"},"query-input":"required name=search_term_string"}],"inLanguage":"pt-BR"}]}},"_links":{"self":[{"href":"https:\/\/telhadosmartins.com.br\/index.php\/wp-json\/wp\/v2\/pages\/1255","targetHints":{"allow":["GET"]}}],"collection":[{"href":"https:\/\/telhadosmartins.com.br\/index.php\/wp-json\/wp\/v2\/pages"}],"about":[{"href":"https:\/\/telhadosmartins.com.br\/index.php\/wp-json\/wp\/v2\/types\/page"}],"author":[{"embeddable":true,"href":"https:\/\/telhadosmartins.com.br\/index.php\/wp-json\/wp\/v2\/users\/1"}],"replies":[{"embeddable":true,"href":"https:\/\/telhadosmartins.com.br\/index.php\/wp-json\/wp\/v2\/comments?post=1255"}],"version-history":[{"count":8,"href":"https:\/\/telhadosmartins.com.br\/index.php\/wp-json\/wp\/v2\/pages\/1255\/revisions"}],"predecessor-version":[{"id":2430,"href":"https:\/\/telhadosmartins.com.br\/index.php\/wp-json\/wp\/v2\/pages\/1255\/revisions\/2430"}],"wp:attachment":[{"href":"https:\/\/telhadosmartins.com.br\/index.php\/wp-json\/wp\/v2\/media?parent=1255"}],"curies":[{"name":"wp","href":"https:\/\/api.w.org\/{rel}","templated":true}]}}